{"id":144,"date":"2024-08-21T15:52:33","date_gmt":"2024-08-21T15:52:33","guid":{"rendered":"https:\/\/andreanoguerapsicologa.es\/?page_id=144"},"modified":"2024-10-18T11:05:39","modified_gmt":"2024-10-18T11:05:39","slug":"sobre-mi","status":"publish","type":"page","link":"https:\/\/andreanoguerapsicologa.es\/index.php\/sobre-mi\/","title":{"rendered":"sobre mi"},"content":{"rendered":"\n<div class=\"wp-block-group alignfull superbthemes-navigation-004 is-layout-flow wp-container-core-group-is-layout-76b37640 wp-block-group-is-layout-flow\" style=\"margin-top:0;margin-bottom:0;padding-top:0;padding-bottom:0\"><\/div>\n\n\n\n<div class=\"wp-block-uagb-container uagb-block-dfwqvwli alignfull uagb-is-root-container\"><div class=\"uagb-container-inner-blocks-wrap\">\n<div class=\"wp-block-uagb-info-box uagb-block-pxcetxo4 uagb-infobox__content-wrap  uagb-infobox-icon-above-title uagb-infobox-image-valign-top\"><div class=\"uagb-ifb-content\"><div class=\"uagb-ifb-title-wrap\"><h1 class=\"uagb-ifb-title\">Our Inspiring Journey<\/h1><\/div><p class=\"uagb-ifb-desc\">Discover our story and commitment to excellence in just a few lines.<\/p><\/div><\/div>\n<\/div><\/div>\n\n\n\n<div class=\"wp-block-uagb-container uagb-block-ihhbyerv default uagb-is-root-container\"><\/div>\n\n\n\n<div class=\"wp-block-uagb-container uagb-block-mtpwlpme alignfull uagb-is-root-container\"><div class=\"uagb-container-inner-blocks-wrap\">\n<div class=\"wp-block-uagb-container uagb-block-3io5s1ay\">\n<div class=\"wp-block-uagb-info-box uagb-block-10zccduv uagb-infobox__content-wrap  uagb-infobox-icon-above-title uagb-infobox-image-valign-top\"><div class=\"uagb-ifb-content\"><div class=\"uagb-ifb-title-wrap\"><h2 class=\"uagb-ifb-title\">Our Story<\/h2><\/div><p class=\"uagb-ifb-desc\">Our story began with a vision to revolutionize the creative landscape. Over the years, we have honed our craft and built a legacy of excellence. We are committed to pushing boundaries, setting new standards, and inspiring others to join us on this incredible journey.<\/p><\/div><\/div>\n<\/div>\n\n\n\n<div class=\"wp-block-uagb-image alignleft uagb-block-me9cb7fk wp-block-uagb-image--layout-default wp-block-uagb-image--effect-static wp-block-uagb-image--align-left\"><figure class=\"wp-block-uagb-image__figure\"><img decoding=\"async\" srcset=\"https:\/\/andreanoguerapsicologa.es\/wp-content\/uploads\/2024\/08\/natures-02.jpg ,https:\/\/andreanoguerapsicologa.es\/wp-content\/uploads\/2024\/08\/natures-02.jpg 780w\" sizes=\"auto, (max-width: 480px) 150px\" src=\"https:\/\/andreanoguerapsicologa.es\/wp-content\/uploads\/2024\/08\/natures-02.jpg\" alt=\"\" class=\"uag-image-80574\" width=\"564\" height=\"450\" title=\"\" loading=\"lazy\" role=\"img\"\/><\/figure><\/div>\n<\/div><\/div>\n\n\n\n<div class=\"wp-block-uagb-container uagb-block-093busct alignfull uagb-is-root-container\"><div class=\"uagb-container-inner-blocks-wrap\">\n<div class=\"wp-block-uagb-container uagb-block-nqbp6bbh\">\n<div class=\"wp-block-uagb-info-box uagb-block-qwa1y3k2 uagb-infobox__content-wrap  uagb-infobox-icon-above-title uagb-infobox-image-valign-top\"><div class=\"uagb-ifb-content\"><div class=\"uagb-ifb-title-wrap\"><h2 class=\"uagb-ifb-title\">Why Choose Us<\/h2><\/div><\/div><\/div>\n\n\n\n<div class=\"wp-block-uagb-info-box uagb-block-khthjuq9 uagb-infobox__content-wrap  uagb-infobox-icon-above-title uagb-infobox-image-valign-top\"><div class=\"uagb-ifb-content\"><div class=\"uagb-ifb-title-wrap\"><\/div><p class=\"uagb-ifb-desc\">Discover the reasons that set us apart.<\/p><\/div><\/div>\n<\/div>\n\n\n\n<div class=\"wp-block-uagb-container uagb-block-vzujfgr1\">\n<div class=\"wp-block-uagb-info-box uagb-block-wre4td4n uagb-infobox__content-wrap  uagb-infobox-icon-above-title uagb-infobox-image-valign-top\"><div class=\"uagb-ifb-content\"><div class=\"uagb-ifb-title-wrap\"><p class=\"uagb-ifb-title-prefix\">01<\/p><h3 class=\"uagb-ifb-title\">Innovation<\/h3><\/div><p class=\"uagb-ifb-desc\">We continuously push the boundaries of creativity to deliver innovative solutions.<\/p><\/div><\/div>\n\n\n\n<div class=\"wp-block-uagb-info-box uagb-block-b1uvpuwh uagb-infobox__content-wrap  uagb-infobox-icon-above-title uagb-infobox-image-valign-top\"><div class=\"uagb-ifb-content\"><div class=\"uagb-ifb-title-wrap\"><p class=\"uagb-ifb-title-prefix\">02<\/p><h3 class=\"uagb-ifb-title\">Expertise<\/h3><\/div><p class=\"uagb-ifb-desc\">Our team of seasoned professionals brings unmatched expertise to every project.<\/p><\/div><\/div>\n\n\n\n<div class=\"wp-block-uagb-info-box uagb-block-pltoczqo uagb-infobox__content-wrap  uagb-infobox-icon-above-title uagb-infobox-image-valign-top\"><div class=\"uagb-ifb-content\"><div class=\"uagb-ifb-title-wrap\"><p class=\"uagb-ifb-title-prefix\">03<\/p><h3 class=\"uagb-ifb-title\">Collaboration<\/h3><\/div><p class=\"uagb-ifb-desc\">We thrive on partnerships and teamwork, fostering collaborative efforts that result in groundbreaking solutions.<\/p><\/div><\/div>\n<\/div>\n<\/div><\/div>\n\n\n\n<div class=\"wp-block-uagb-container uagb-layout-grid uagb-block-rdkpnqfe alignfull uagb-is-root-container\"><div class=\"uagb-container-inner-blocks-wrap\">\n<div class=\"wp-block-uagb-container uagb-block-z6kyrclk\">\n<div class=\"wp-block-uagb-image alignleft uagb-block-ypb85pow wp-block-uagb-image--layout-default wp-block-uagb-image--effect-static wp-block-uagb-image--align-left\"><figure class=\"wp-block-uagb-image__figure\"><img decoding=\"async\" srcset=\"https:\/\/andreanoguerapsicologa.es\/wp-content\/uploads\/2024\/08\/team-skip-20.jpg ,https:\/\/andreanoguerapsicologa.es\/wp-content\/uploads\/2024\/08\/team-skip-20.jpg 780w, https:\/\/andreanoguerapsicologa.es\/wp-content\/uploads\/2024\/08\/team-skip-20.jpg 360w\" sizes=\"auto, (max-width: 480px) 150px\" src=\"https:\/\/andreanoguerapsicologa.es\/wp-content\/uploads\/2024\/08\/team-skip-20.jpg\" alt=\"\" class=\"uag-image-77990\" width=\"576\" height=\"384\" title=\"\" loading=\"lazy\" role=\"img\"\/><\/figure><\/div>\n\n\n\n<div class=\"wp-block-uagb-info-box uagb-block-4a3klmf2 uagb-infobox__content-wrap  uagb-infobox-icon-above-title uagb-infobox-image-valign-top\"><div class=\"uagb-ifb-content\"><div class=\"uagb-ifb-title-wrap\"><p class=\"uagb-ifb-title\">Jane Cooper<\/p><\/div><p class=\"uagb-ifb-desc\">CEO<\/p><\/div><\/div>\n\n\n\n<div class=\"wp-block-uagb-info-box uagb-block-8osbgxy3 uagb-infobox__content-wrap  uagb-infobox-icon-above-title uagb-infobox-image-valign-top wp-block-uagb-info-box--has-margin\"><div class=\"uagb-infobox-margin-wrapper\"><div class=\"uagb-ifb-content\"><div class=\"uagb-ifb-title-wrap\"><\/div><p class=\"uagb-ifb-desc\">Share some details here. This is a flexible section where you can share anything you want. It could be details or some information.<\/p><\/div><\/div><\/div>\n<\/div>\n\n\n\n<div class=\"wp-block-uagb-container uagb-block-jftzx2y7\">\n<div class=\"wp-block-uagb-image alignleft uagb-block-nvjnkxph wp-block-uagb-image--layout-default wp-block-uagb-image--effect-static wp-block-uagb-image--align-left\"><figure class=\"wp-block-uagb-image__figure\"><img decoding=\"async\" srcset=\"https:\/\/andreanoguerapsicologa.es\/wp-content\/uploads\/2024\/08\/team-skip-28.jpg ,https:\/\/andreanoguerapsicologa.es\/wp-content\/uploads\/2024\/08\/team-skip-28.jpg 780w, https:\/\/andreanoguerapsicologa.es\/wp-content\/uploads\/2024\/08\/team-skip-28.jpg 360w\" sizes=\"auto, (max-width: 480px) 150px\" src=\"https:\/\/andreanoguerapsicologa.es\/wp-content\/uploads\/2024\/08\/team-skip-28.jpg\" alt=\"\" class=\"uag-image-78366\" width=\"576\" height=\"384\" title=\"\" loading=\"lazy\" role=\"img\"\/><\/figure><\/div>\n\n\n\n<div class=\"wp-block-uagb-info-box uagb-block-wg75bpdn uagb-infobox__content-wrap  uagb-infobox-icon-above-title uagb-infobox-image-valign-top wp-block-uagb-info-box--has-margin\"><div class=\"uagb-infobox-margin-wrapper\"><div class=\"uagb-ifb-content\"><div class=\"uagb-ifb-title-wrap\"><p class=\"uagb-ifb-title\">Wade Warren<\/p><\/div><p class=\"uagb-ifb-desc\">Co-Founder<\/p><\/div><\/div><\/div>\n\n\n\n<div class=\"wp-block-uagb-info-box uagb-block-5rg0ukge uagb-infobox__content-wrap  uagb-infobox-icon-above-title uagb-infobox-image-valign-top\"><div class=\"uagb-ifb-content\"><div class=\"uagb-ifb-title-wrap\"><\/div><p class=\"uagb-ifb-desc\">Share some details here. This is a flexible section where you can share anything you want. It could be details or some information.<\/p><\/div><\/div>\n<\/div>\n\n\n\n<div class=\"wp-block-uagb-container uagb-block-tqcymuuk\">\n<div class=\"wp-block-uagb-image alignleft uagb-block-5oxjuezr wp-block-uagb-image--layout-default wp-block-uagb-image--effect-static wp-block-uagb-image--align-left\"><figure class=\"wp-block-uagb-image__figure\"><img decoding=\"async\" srcset=\"https:\/\/andreanoguerapsicologa.es\/wp-content\/uploads\/2024\/08\/team-skip-06.jpg ,https:\/\/andreanoguerapsicologa.es\/wp-content\/uploads\/2024\/08\/team-skip-13.jpg 780w, https:\/\/andreanoguerapsicologa.es\/wp-content\/uploads\/2024\/08\/team-skip-13.jpg 360w\" sizes=\"auto, (max-width: 480px) 150px\" src=\"https:\/\/andreanoguerapsicologa.es\/wp-content\/uploads\/2024\/08\/team-skip-06.jpg\" alt=\"\" class=\"uag-image-77947\" width=\"368\" height=\"368\" title=\"\" loading=\"lazy\" role=\"img\"\/><\/figure><\/div>\n\n\n\n<div class=\"wp-block-uagb-info-box uagb-block-igqbsrcx uagb-infobox__content-wrap  uagb-infobox-icon-above-title uagb-infobox-image-valign-top\"><div class=\"uagb-ifb-content\"><div class=\"uagb-ifb-title-wrap\"><p class=\"uagb-ifb-title\">Esther Howard<\/p><\/div><p class=\"uagb-ifb-desc\">Director<\/p><\/div><\/div>\n\n\n\n<div class=\"wp-block-uagb-info-box uagb-block-9cezhxtl uagb-infobox__content-wrap  uagb-infobox-icon-above-title uagb-infobox-image-valign-top\"><div class=\"uagb-ifb-content\"><div class=\"uagb-ifb-title-wrap\"><\/div><p class=\"uagb-ifb-desc\">Share some details here. This is a flexible section where you can share anything you want. It could be details or some information.<\/p><\/div><\/div>\n<\/div>\n\n\n\n<div class=\"wp-block-uagb-container uagb-block-ukngjdqq\">\n<div class=\"wp-block-uagb-image alignleft uagb-block-lssoycfz wp-block-uagb-image--layout-default wp-block-uagb-image--effect-static wp-block-uagb-image--align-left\"><figure class=\"wp-block-uagb-image__figure\"><img decoding=\"async\" srcset=\"https:\/\/andreanoguerapsicologa.es\/wp-content\/uploads\/2024\/08\/team-skip-27.jpg ,https:\/\/andreanoguerapsicologa.es\/wp-content\/uploads\/2024\/08\/team-skip-27.jpg 780w, https:\/\/andreanoguerapsicologa.es\/wp-content\/uploads\/2024\/08\/team-skip-27.jpg 360w\" sizes=\"auto, (max-width: 480px) 150px\" src=\"https:\/\/andreanoguerapsicologa.es\/wp-content\/uploads\/2024\/08\/team-skip-27.jpg\" alt=\"\" class=\"uag-image-78358\" width=\"368\" height=\"368\" title=\"\" loading=\"lazy\" role=\"img\"\/><\/figure><\/div>\n\n\n\n<div class=\"wp-block-uagb-info-box uagb-block-bomks679 uagb-infobox__content-wrap  uagb-infobox-icon-above-title uagb-infobox-image-valign-top\"><div class=\"uagb-ifb-content\"><div class=\"uagb-ifb-title-wrap\"><p class=\"uagb-ifb-title\">Cameron Williamson<\/p><\/div><p class=\"uagb-ifb-desc\">Manager<\/p><\/div><\/div>\n\n\n\n<div class=\"wp-block-uagb-info-box uagb-block-8ggffgkp uagb-infobox__content-wrap  uagb-infobox-icon-above-title uagb-infobox-image-valign-top\"><div class=\"uagb-ifb-content\"><div class=\"uagb-ifb-title-wrap\"><\/div><p class=\"uagb-ifb-desc\">Share some details here. This is a flexible section where you can share anything you want. It could be details or some information.<\/p><\/div><\/div>\n<\/div>\n\n\n\n<div class=\"wp-block-uagb-container uagb-block-uvb38d6w\">\n<div class=\"wp-block-uagb-image alignleft uagb-block-mmvwespu wp-block-uagb-image--layout-default wp-block-uagb-image--effect-static wp-block-uagb-image--align-left\"><figure class=\"wp-block-uagb-image__figure\"><img decoding=\"async\" srcset=\"https:\/\/andreanoguerapsicologa.es\/wp-content\/uploads\/2024\/08\/team-skip-15.jpg ,https:\/\/andreanoguerapsicologa.es\/wp-content\/uploads\/2024\/08\/team-skip-15.jpg 780w, https:\/\/andreanoguerapsicologa.es\/wp-content\/uploads\/2024\/08\/team-skip-15.jpg 360w\" sizes=\"auto, (max-width: 480px) 150px\" src=\"https:\/\/andreanoguerapsicologa.es\/wp-content\/uploads\/2024\/08\/team-skip-15.jpg\" alt=\"\" class=\"uag-image-77971\" width=\"368\" height=\"368\" title=\"\" loading=\"lazy\" role=\"img\"\/><\/figure><\/div>\n\n\n\n<div class=\"wp-block-uagb-info-box uagb-block-5chmchet uagb-infobox__content-wrap  uagb-infobox-icon-above-title uagb-infobox-image-valign-top\"><div class=\"uagb-ifb-content\"><div class=\"uagb-ifb-title-wrap\"><p class=\"uagb-ifb-title\">Brooklyn Simmons<\/p><\/div><p class=\"uagb-ifb-desc\">Marketing<\/p><\/div><\/div>\n\n\n\n<div class=\"wp-block-uagb-info-box uagb-block-fyjdsrrx uagb-infobox__content-wrap  uagb-infobox-icon-above-title uagb-infobox-image-valign-top\"><div class=\"uagb-ifb-content\"><div class=\"uagb-ifb-title-wrap\"><\/div><p class=\"uagb-ifb-desc\">Share some details here. This is a flexible section where you can share anything you want. It could be details or some information.<\/p><\/div><\/div>\n<\/div>\n<\/div><\/div>\n\n\n\n<div class=\"wp-block-uagb-container uagb-block-gb55mykx alignfull uagb-is-root-container\"><div class=\"uagb-container-inner-blocks-wrap\">\n<div class=\"wp-block-uagb-info-box uagb-block-05ypxxxd uagb-infobox__content-wrap  uagb-infobox-icon-above-title uagb-infobox-image-valign-top\"><div class=\"uagb-ifb-content\"><div class=\"uagb-ifb-title-wrap\"><p class=\"uagb-ifb-title-prefix\">Stay Connected with Us<\/p><h2 class=\"uagb-ifb-title\">Let\\&#8217;s Create Together<\/h2><\/div><p class=\"uagb-ifb-desc\">Connect with us to explore how we can make your vision a reality. Join us in shaping the future.<\/p><\/div><\/div>\n\n\n\n<div class=\"wp-block-uagb-icon-list uagb-block-zg5jufkr\"><div class=\"uagb-icon-list__wrap\">\n<div class=\"wp-block-uagb-icon-list-child uagb-block-dgt9borz\"><a target=\"_self\" aria-label=\"202-555-0188\" rel=\"noopener noreferrer\" href=\"#\"> <\/a><span class=\"uagb-icon-list__source-wrap\"><svg xmlns=\"https:\/\/www.w3.org\/2000\/svg\" viewBox=\"0 0 512 512\"><path d=\"M511.2 387l-23.25 100.8c-3.266 14.25-15.79 24.22-30.46 24.22C205.2 512 0 306.8 0 54.5c0-14.66 9.969-27.2 24.22-30.45l100.8-23.25C139.7-2.602 154.7 5.018 160.8 18.92l46.52 108.5c5.438 12.78 1.77 27.67-8.98 36.45L144.5 207.1c33.98 69.22 90.26 125.5 159.5 159.5l44.08-53.8c8.688-10.78 23.69-14.51 36.47-8.975l108.5 46.51C506.1 357.2 514.6 372.4 511.2 387z\"><\/path><\/svg><\/span><span class=\"uagb-icon-list__label\">202-555-0188<\/span><\/div>\n<\/div><\/div>\n<\/div><\/div>\n","protected":false},"excerpt":{"rendered":"","protected":false},"author":1,"featured_media":0,"parent":0,"menu_order":0,"comment_status":"closed","ping_status":"closed","template":"about","meta":{"_uag_custom_page_level_css":"Para hacer el ancho de una p\u00e1gina web m\u00e1s grande, puedes ajustar los estilos CSS que controlan el dise\u00f1o. Aqu\u00ed tienes un ejemplo simple:\n\n```css\nbody {\n    max-width: 1200px; \/* Ajusta este valor seg\u00fan tus necesidades *\/\n    margin: 0 auto; \/* Centra la p\u00e1gina *\/\n    padding: 20px; \/* Espaciado interno *\/\n}\n```\n\nSi deseas que todo el contenido dentro de la p\u00e1gina tenga un ancho espec\u00edfico, aseg\u00farate de aplicarlo a contenedores relevantes como `div`, `header` o cualquier otro elemento principal.\n\nRecuerda que tambi\u00e9n puedes utilizar unidades relativas como porcentajes (`width: 100%`) para adaptarte mejor a diferentes tama\u00f1os de pantalla. Si necesitas m\u00e1s detalles sobre c\u00f3mo implementar esto en tu sitio espec\u00edfico, h\u00e1zmelo saber.\n","footnotes":""},"class_list":["post-144","page","type-page","status-publish","hentry"],"uagb_featured_image_src":{"full":false,"thumbnail":false,"medium":false,"medium_large":false,"large":false,"1536x1536":false,"2048x2048":false},"uagb_author_info":{"display_name":"Andrea Noguera","author_link":"https:\/\/andreanoguerapsicologa.es\/author\/admin\/"},"uagb_comment_info":0,"uagb_excerpt":null,"jetpack_sharing_enabled":true,"_links":{"self":[{"href":"https:\/\/andreanoguerapsicologa.es\/index.php\/wp-json\/wp\/v2\/pages\/144","targetHints":{"allow":["GET"]}}],"collection":[{"href":"https:\/\/andreanoguerapsicologa.es\/index.php\/wp-json\/wp\/v2\/pages"}],"about":[{"href":"https:\/\/andreanoguerapsicologa.es\/index.php\/wp-json\/wp\/v2\/types\/page"}],"author":[{"embeddable":true,"href":"https:\/\/andreanoguerapsicologa.es\/index.php\/wp-json\/wp\/v2\/users\/1"}],"replies":[{"embeddable":true,"href":"https:\/\/andreanoguerapsicologa.es\/index.php\/wp-json\/wp\/v2\/comments?post=144"}],"version-history":[{"count":19,"href":"https:\/\/andreanoguerapsicologa.es\/index.php\/wp-json\/wp\/v2\/pages\/144\/revisions"}],"predecessor-version":[{"id":272,"href":"https:\/\/andreanoguerapsicologa.es\/index.php\/wp-json\/wp\/v2\/pages\/144\/revisions\/272"}],"wp:attachment":[{"href":"https:\/\/andreanoguerapsicologa.es\/index.php\/wp-json\/wp\/v2\/media?parent=144"}],"curies":[{"name":"wp","href":"https:\/\/api.w.org\/{rel}","templated":true}]}}